{"id":728,"date":"2023-03-18T10:24:48","date_gmt":"2023-03-18T10:24:48","guid":{"rendered":"https:\/\/modest-curie.92-205-57-89.plesk.page\/?page_id=728"},"modified":"2023-03-20T08:57:25","modified_gmt":"2023-03-20T08:57:25","slug":"software","status":"publish","type":"page","link":"https:\/\/modest-curie.92-205-57-89.plesk.page\/index.php\/software\/","title":{"rendered":"Software"},"content":{"rendered":"\t\t<div data-elementor-type=\"wp-page\" data-elementor-id=\"728\" class=\"elementor elementor-728\">\n\t\t\t\t\t\t\t\t\t<section class=\"elementor-section elementor-top-section elementor-element elementor-element-02c6320 elementor-section-height-min-height elementor-section-boxed elementor-section-height-default elementor-section-items-middle\" data-id=\"02c6320\" data-element_type=\"section\" data-settings=\"{&quot;background_background&quot;:&quot;classic&quot;,&quot;shape_divider_bottom&quot;:&quot;pyramids&quot;}\">\n\t\t\t\t\t\t\t<div class=\"elementor-background-overlay\"><\/div>\n\t\t\t\t\t\t<div class=\"elementor-shape elementor-shape-bottom\" data-negative=\"false\">\n\t\t\t<svg xmlns=\"http:\/\/www.w3.org\/2000\/svg\" viewBox=\"0 0 1000 100\" preserveAspectRatio=\"none\">\n\t<path class=\"elementor-shape-fill\" d=\"M761.9,44.1L643.1,27.2L333.8,98L0,3.8V0l1000,0v3.9\"\/>\n<\/svg>\t\t<\/div>\n\t\t\t\t\t<div class=\"elementor-container elementor-column-gap-default\">\n\t\t\t\t\t<div class=\"elementor-column elementor-col-100 elementor-top-column elementor-element elementor-element-cb1b1e3\" data-id=\"cb1b1e3\" data-element_type=\"column\">\n\t\t\t<div class=\"elementor-widget-wrap elementor-element-populated\">\n\t\t\t\t\t\t\t\t<div class=\"elementor-element elementor-element-1aeb43a elementor-widget elementor-widget-heading\" data-id=\"1aeb43a\" data-element_type=\"widget\" data-widget_type=\"heading.default\">\n\t\t\t\t<div class=\"elementor-widget-container\">\n\t\t\t<style>\/*! elementor - v3.9.0 - 06-12-2022 *\/\n.elementor-heading-title{padding:0;margin:0;line-height:1}.elementor-widget-heading .elementor-heading-title[class*=elementor-size-]>a{color:inherit;font-size:inherit;line-height:inherit}.elementor-widget-heading .elementor-heading-title.elementor-size-small{font-size:15px}.elementor-widget-heading .elementor-heading-title.elementor-size-medium{font-size:19px}.elementor-widget-heading .elementor-heading-title.elementor-size-large{font-size:29px}.elementor-widget-heading .elementor-heading-title.elementor-size-xl{font-size:39px}.elementor-widget-heading .elementor-heading-title.elementor-size-xxl{font-size:59px}<\/style><h2 class=\"elementor-heading-title elementor-size-default\">Software<\/h2>\t\t<\/div>\n\t\t\t\t<\/div>\n\t\t\t\t\t<\/div>\n\t\t<\/div>\n\t\t\t\t\t\t\t<\/div>\n\t\t<\/section>\n\t\t\t\t<section class=\"elementor-section elementor-top-section elementor-element elementor-element-a654ad5 elementor-section-boxed elementor-section-height-default elementor-section-height-default\" data-id=\"a654ad5\" data-element_type=\"section\">\n\t\t\t\t\t\t<div class=\"elementor-container elementor-column-gap-default\">\n\t\t\t\t\t<div class=\"elementor-column elementor-col-100 elementor-top-column elementor-element elementor-element-06b398c\" data-id=\"06b398c\" data-element_type=\"column\">\n\t\t\t<div class=\"elementor-widget-wrap elementor-element-populated\">\n\t\t\t\t\t\t\t\t<div class=\"elementor-element elementor-element-1cc6a36 elementor-widget elementor-widget-heading\" data-id=\"1cc6a36\" data-element_type=\"widget\" data-widget_type=\"heading.default\">\n\t\t\t\t<div class=\"elementor-widget-container\">\n\t\t\t<h2 class=\"elementor-heading-title elementor-size-default\">Windows 11<\/h2>\t\t<\/div>\n\t\t\t\t<\/div>\n\t\t\t\t\t<\/div>\n\t\t<\/div>\n\t\t\t\t\t\t\t<\/div>\n\t\t<\/section>\n\t\t\t\t<section class=\"elementor-section elementor-top-section elementor-element elementor-element-39de30b elementor-section-boxed elementor-section-height-default elementor-section-height-default\" data-id=\"39de30b\" data-element_type=\"section\">\n\t\t\t\t\t\t<div class=\"elementor-container elementor-column-gap-default\">\n\t\t\t\t\t<div class=\"elementor-column elementor-col-50 elementor-top-column elementor-element elementor-element-153a906\" data-id=\"153a906\" data-element_type=\"column\">\n\t\t\t<div class=\"elementor-widget-wrap elementor-element-populated\">\n\t\t\t\t\t\t\t\t<div class=\"elementor-element elementor-element-0d4c77a elementor-widget elementor-widget-text-editor\" data-id=\"0d4c77a\" data-element_type=\"widget\" data-widget_type=\"text-editor.default\">\n\t\t\t\t<div class=\"elementor-widget-container\">\n\t\t\t<style>\/*! elementor - v3.9.0 - 06-12-2022 *\/\n.elementor-widget-text-editor.elementor-drop-cap-view-stacked .elementor-drop-cap{background-color:#818a91;color:#fff}.elementor-widget-text-editor.elementor-drop-cap-view-framed .elementor-drop-cap{color:#818a91;border:3px solid;background-color:transparent}.elementor-widget-text-editor:not(.elementor-drop-cap-view-default) .elementor-drop-cap{margin-top:8px}.elementor-widget-text-editor:not(.elementor-drop-cap-view-default) .elementor-drop-cap-letter{width:1em;height:1em}.elementor-widget-text-editor .elementor-drop-cap{float:left;text-align:center;line-height:1;font-size:50px}.elementor-widget-text-editor .elementor-drop-cap-letter{display:inline-block}<\/style>\t\t\t\t<p>D<span style=\"color: var( --e-global-color-text ); font-family: var( --e-global-typography-text-font-family ), Sans-serif; font-weight: var( --e-global-typography-text-font-weight ); font-size: 1rem;\">Area 51 unterst\u00fctzt Sie beim Upgrade.<\/span><\/p><p>Sie sind sich nicht sicher ob das Upgrade auf Ihrem System reibungslos funktionieren wird und haben Angst um Ihre Daten? Kein Problem: lassen Sie das Upgrade mit vorherigem Systemcheck durch unsere qualifizierten Techniker durchf\u00fchren und erhalten Sie ein System mit dem Sie gleich durchstarten k\u00f6nnen ohne l\u00e4stige Updates und Systemanpassungen.<\/p>\t\t\t\t\t\t<\/div>\n\t\t\t\t<\/div>\n\t\t\t\t\t<\/div>\n\t\t<\/div>\n\t\t\t\t<div class=\"elementor-column elementor-col-50 elementor-top-column elementor-element elementor-element-9749c5b\" data-id=\"9749c5b\" data-element_type=\"column\">\n\t\t\t<div class=\"elementor-widget-wrap elementor-element-populated\">\n\t\t\t\t\t\t\t\t<div class=\"elementor-element elementor-element-107d087 elementor-widget elementor-widget-image\" data-id=\"107d087\" data-element_type=\"widget\" data-widget_type=\"image.default\">\n\t\t\t\t<div class=\"elementor-widget-container\">\n\t\t\t<style>\/*! elementor - v3.9.0 - 06-12-2022 *\/\n.elementor-widget-image{text-align:center}.elementor-widget-image a{display:inline-block}.elementor-widget-image a img[src$=\".svg\"]{width:48px}.elementor-widget-image img{vertical-align:middle;display:inline-block}<\/style>\t\t\t\t\t\t\t\t\t\t\t\t<img loading=\"lazy\" decoding=\"async\" width=\"800\" height=\"500\" src=\"https:\/\/modest-curie.92-205-57-89.plesk.page\/wp-content\/uploads\/2023\/03\/Z89JMxaH5HXaLuhZwdN5GT-1200-80.jpg\" class=\"attachment-large size-large wp-image-736\" alt=\"\" srcset=\"https:\/\/modest-curie.92-205-57-89.plesk.page\/wp-content\/uploads\/2023\/03\/Z89JMxaH5HXaLuhZwdN5GT-1200-80.jpg 1024w, https:\/\/modest-curie.92-205-57-89.plesk.page\/wp-content\/uploads\/2023\/03\/Z89JMxaH5HXaLuhZwdN5GT-1200-80-300x188.jpg 300w, https:\/\/modest-curie.92-205-57-89.plesk.page\/wp-content\/uploads\/2023\/03\/Z89JMxaH5HXaLuhZwdN5GT-1200-80-768x480.jpg 768w\" sizes=\"auto, (max-width: 800px) 100vw, 800px\" \/>\t\t\t\t\t\t\t\t\t\t\t\t\t\t\t<\/div>\n\t\t\t\t<\/div>\n\t\t\t\t\t<\/div>\n\t\t<\/div>\n\t\t\t\t\t\t\t<\/div>\n\t\t<\/section>\n\t\t\t\t<section class=\"elementor-section elementor-top-section elementor-element elementor-element-27b2042 elementor-section-full_width elementor-section-height-default elementor-section-height-default\" data-id=\"27b2042\" data-element_type=\"section\">\n\t\t\t\t\t\t<div class=\"elementor-container elementor-column-gap-default\">\n\t\t\t\t\t<div class=\"elementor-column elementor-col-100 elementor-top-column elementor-element elementor-element-a1a2e32\" data-id=\"a1a2e32\" data-element_type=\"column\">\n\t\t\t<div class=\"elementor-widget-wrap elementor-element-populated\">\n\t\t\t\t\t\t\t\t<div class=\"elementor-element elementor-element-bc74cef elementor-widget-divider--view-line elementor-widget elementor-widget-divider\" data-id=\"bc74cef\" data-element_type=\"widget\" data-widget_type=\"divider.default\">\n\t\t\t\t<div class=\"elementor-widget-container\">\n\t\t\t<style>\/*! elementor - v3.9.0 - 06-12-2022 *\/\n.elementor-widget-divider{--divider-border-style:none;--divider-border-width:1px;--divider-color:#2c2c2c;--divider-icon-size:20px;--divider-element-spacing:10px;--divider-pattern-height:24px;--divider-pattern-size:20px;--divider-pattern-url:none;--divider-pattern-repeat:repeat-x}.elementor-widget-divider .elementor-divider{display:flex}.elementor-widget-divider .elementor-divider__text{font-size:15px;line-height:1;max-width:95%}.elementor-widget-divider .elementor-divider__element{margin:0 var(--divider-element-spacing);flex-shrink:0}.elementor-widget-divider .elementor-icon{font-size:var(--divider-icon-size)}.elementor-widget-divider .elementor-divider-separator{display:flex;margin:0;direction:ltr}.elementor-widget-divider--view-line_icon .elementor-divider-separator,.elementor-widget-divider--view-line_text .elementor-divider-separator{align-items:center}.elementor-widget-divider--view-line_icon .elementor-divider-separator:after,.elementor-widget-divider--view-line_icon .elementor-divider-separator:before,.elementor-widget-divider--view-line_text .elementor-divider-separator:after,.elementor-widget-divider--view-line_text .elementor-divider-separator:before{display:block;content:\"\";border-bottom:0;flex-grow:1;border-top:var(--divider-border-width) var(--divider-border-style) var(--divider-color)}.elementor-widget-divider--element-align-left .elementor-divider .elementor-divider-separator>.elementor-divider__svg:first-of-type{flex-grow:0;flex-shrink:100}.elementor-widget-divider--element-align-left .elementor-divider-separator:before{content:none}.elementor-widget-divider--element-align-left .elementor-divider__element{margin-left:0}.elementor-widget-divider--element-align-right .elementor-divider .elementor-divider-separator>.elementor-divider__svg:last-of-type{flex-grow:0;flex-shrink:100}.elementor-widget-divider--element-align-right .elementor-divider-separator:after{content:none}.elementor-widget-divider--element-align-right .elementor-divider__element{margin-right:0}.elementor-widget-divider:not(.elementor-widget-divider--view-line_text):not(.elementor-widget-divider--view-line_icon) .elementor-divider-separator{border-top:var(--divider-border-width) var(--divider-border-style) var(--divider-color)}.elementor-widget-divider--separator-type-pattern{--divider-border-style:none}.elementor-widget-divider--separator-type-pattern.elementor-widget-divider--view-line .elementor-divider-separator,.elementor-widget-divider--separator-type-pattern:not(.elementor-widget-divider--view-line) .elementor-divider-separator:after,.elementor-widget-divider--separator-type-pattern:not(.elementor-widget-divider--view-line) .elementor-divider-separator:before,.elementor-widget-divider--separator-type-pattern:not([class*=elementor-widget-divider--view]) .elementor-divider-separator{width:100%;min-height:var(--divider-pattern-height);-webkit-mask-size:var(--divider-pattern-size) 100%;mask-size:var(--divider-pattern-size) 100%;-webkit-mask-repeat:var(--divider-pattern-repeat);mask-repeat:var(--divider-pattern-repeat);background-color:var(--divider-color);-webkit-mask-image:var(--divider-pattern-url);mask-image:var(--divider-pattern-url)}.elementor-widget-divider--no-spacing{--divider-pattern-size:auto}.elementor-widget-divider--bg-round{--divider-pattern-repeat:round}.rtl .elementor-widget-divider .elementor-divider__text{direction:rtl}.e-con-inner>.elementor-widget-divider,.e-con>.elementor-widget-divider{width:var(--container-widget-width);--flex-grow:var(--container-widget-flex-grow)}<\/style>\t\t<div class=\"elementor-divider\">\n\t\t\t<span class=\"elementor-divider-separator\">\n\t\t\t\t\t\t<\/span>\n\t\t<\/div>\n\t\t\t\t<\/div>\n\t\t\t\t<\/div>\n\t\t\t\t\t<\/div>\n\t\t<\/div>\n\t\t\t\t\t\t\t<\/div>\n\t\t<\/section>\n\t\t\t\t<section class=\"elementor-section elementor-top-section elementor-element elementor-element-e41ccd3 elementor-section-boxed elementor-section-height-default elementor-section-height-default\" data-id=\"e41ccd3\" data-element_type=\"section\">\n\t\t\t\t\t\t<div class=\"elementor-container elementor-column-gap-default\">\n\t\t\t\t\t<div class=\"elementor-column elementor-col-100 elementor-top-column elementor-element elementor-element-f0a8f7c\" data-id=\"f0a8f7c\" data-element_type=\"column\">\n\t\t\t<div class=\"elementor-widget-wrap elementor-element-populated\">\n\t\t\t\t\t\t\t\t<div class=\"elementor-element elementor-element-6818fcf elementor-widget elementor-widget-heading\" data-id=\"6818fcf\" data-element_type=\"widget\" data-widget_type=\"heading.default\">\n\t\t\t\t<div class=\"elementor-widget-container\">\n\t\t\t<h2 class=\"elementor-heading-title elementor-size-default\">G DATA Internet Security<\/h2>\t\t<\/div>\n\t\t\t\t<\/div>\n\t\t\t\t\t<\/div>\n\t\t<\/div>\n\t\t\t\t\t\t\t<\/div>\n\t\t<\/section>\n\t\t\t\t<section class=\"elementor-section elementor-top-section elementor-element elementor-element-f86ea57 elementor-section-boxed elementor-section-height-default elementor-section-height-default\" data-id=\"f86ea57\" data-element_type=\"section\">\n\t\t\t\t\t\t<div class=\"elementor-container elementor-column-gap-default\">\n\t\t\t\t\t<div class=\"elementor-column elementor-col-50 elementor-top-column elementor-element elementor-element-82c06fc\" data-id=\"82c06fc\" data-element_type=\"column\">\n\t\t\t<div class=\"elementor-widget-wrap elementor-element-populated\">\n\t\t\t\t\t\t\t\t<div class=\"elementor-element elementor-element-cb746eb elementor-widget elementor-widget-text-editor\" data-id=\"cb746eb\" data-element_type=\"widget\" data-widget_type=\"text-editor.default\">\n\t\t\t\t<div class=\"elementor-widget-container\">\n\t\t\t\t\t\t\t<p>Der umfassende Sofortschutz vor Viren und allen Gefahren des Internets &#8211; jetzt mit CloseGap<\/p><p>G Data InternetSecurity bietet durch den Einsatz des brandneuen CloseGap-Verfahrens den bestm\u00f6glichen Sofortschutz vor Viren, Hackern, Spam und allen Gefahren im Internet. Der aktive Hybridschutz ber\u00fccksichtigt auch regionale Bedrohungen, die Firewall arbeitet still im Hintergrund und bremst Sie selbst bei Spielen nicht aus. Die Kindersicherung sch\u00fctzt Ihren Nachwuchs vor jugendgef\u00e4hrdenden Webseiten.<\/p><p>NEU: Aktiver Hybridschutz durch l\u00fcckenschlie\u00dfende CloseGap-TechnologieGData Internet Security<br \/>NEU: AutostartManager beschleunigt den Startvorgang &#8211; Booten wie am ersten Tag<br \/>NEU: \u00dcberarbeitete Benutzeroberfl\u00e4che f\u00fcr intuitive Nutzung ohne Handbuch<br \/>Besser: Neue BankGuard-Technologie f\u00fcr sicheres Banking und Shopping<br \/>Besser: Verhaltens\u00fcberpr\u00fcfung sch\u00fctzt selbst vor noch unbekannten Viren<br \/>Integrierter Spam-Schutz sch\u00fctzt vor Internetangriffen und virenbefallenen Mails<br \/>Kindersicherung sch\u00fctzt vor jugendgef\u00e4hrdenden Inhalten, Abofallen etc<br \/>St\u00fcndliche Updates lassen auch neuen Bedrohungen keine Chance<br \/>Ressourcenschonend dank Fingerprinting, Leerlaufscan und aktivem Hybridschutz<br \/>Zus\u00e4tzlicher Echtzeit-Datenabgleich in der Cloud sch\u00fctzt vor Falschmeldungen<br \/>Von Gamern empfohlen: Top-Schutz mit hoher Performance ohne l\u00e4stige Popups<br \/><br \/><\/p>\t\t\t\t\t\t<\/div>\n\t\t\t\t<\/div>\n\t\t\t\t\t<\/div>\n\t\t<\/div>\n\t\t\t\t<div class=\"elementor-column elementor-col-50 elementor-top-column elementor-element elementor-element-421a1e3\" data-id=\"421a1e3\" data-element_type=\"column\">\n\t\t\t<div class=\"elementor-widget-wrap elementor-element-populated\">\n\t\t\t\t\t\t\t\t<div class=\"elementor-element elementor-element-361a564 elementor-widget elementor-widget-image\" data-id=\"361a564\" data-element_type=\"widget\" data-widget_type=\"image.default\">\n\t\t\t\t<div class=\"elementor-widget-container\">\n\t\t\t\t\t\t\t\t\t\t\t\t\t\t\t<img loading=\"lazy\" decoding=\"async\" width=\"800\" height=\"370\" src=\"https:\/\/modest-curie.92-205-57-89.plesk.page\/wp-content\/uploads\/2023\/03\/G_DATA_Logo_TIGS-1024x474.png\" class=\"attachment-large size-large wp-image-741\" alt=\"\" srcset=\"https:\/\/modest-curie.92-205-57-89.plesk.page\/wp-content\/uploads\/2023\/03\/G_DATA_Logo_TIGS-1024x474.png 1024w, https:\/\/modest-curie.92-205-57-89.plesk.page\/wp-content\/uploads\/2023\/03\/G_DATA_Logo_TIGS-300x139.png 300w, https:\/\/modest-curie.92-205-57-89.plesk.page\/wp-content\/uploads\/2023\/03\/G_DATA_Logo_TIGS-768x356.png 768w, https:\/\/modest-curie.92-205-57-89.plesk.page\/wp-content\/uploads\/2023\/03\/G_DATA_Logo_TIGS-1536x711.png 1536w, https:\/\/modest-curie.92-205-57-89.plesk.page\/wp-content\/uploads\/2023\/03\/G_DATA_Logo_TIGS-2048x949.png 2048w\" sizes=\"auto, (max-width: 800px) 100vw, 800px\" \/>\t\t\t\t\t\t\t\t\t\t\t\t\t\t\t<\/div>\n\t\t\t\t<\/div>\n\t\t\t\t\t<\/div>\n\t\t<\/div>\n\t\t\t\t\t\t\t<\/div>\n\t\t<\/section>\n\t\t\t\t<section class=\"elementor-section elementor-top-section elementor-element elementor-element-479225d elementor-section-boxed elementor-section-height-default elementor-section-height-default\" data-id=\"479225d\" data-element_type=\"section\">\n\t\t\t\t\t\t<div class=\"elementor-container elementor-column-gap-default\">\n\t\t\t\t\t<div class=\"elementor-column elementor-col-100 elementor-top-column elementor-element elementor-element-475db3f\" data-id=\"475db3f\" data-element_type=\"column\">\n\t\t\t<div class=\"elementor-widget-wrap elementor-element-populated\">\n\t\t\t\t\t\t\t\t<div class=\"elementor-element elementor-element-d9725ff elementor-widget-divider--view-line elementor-widget elementor-widget-divider\" data-id=\"d9725ff\" data-element_type=\"widget\" data-widget_type=\"divider.default\">\n\t\t\t\t<div class=\"elementor-widget-container\">\n\t\t\t\t\t<div class=\"elementor-divider\">\n\t\t\t<span class=\"elementor-divider-separator\">\n\t\t\t\t\t\t<\/span>\n\t\t<\/div>\n\t\t\t\t<\/div>\n\t\t\t\t<\/div>\n\t\t\t\t\t<\/div>\n\t\t<\/div>\n\t\t\t\t\t\t\t<\/div>\n\t\t<\/section>\n\t\t\t\t<section class=\"elementor-section elementor-top-section elementor-element elementor-element-d85bdf2 elementor-section-boxed elementor-section-height-default elementor-section-height-default\" data-id=\"d85bdf2\" data-element_type=\"section\">\n\t\t\t\t\t\t<div class=\"elementor-container elementor-column-gap-default\">\n\t\t\t\t\t<div class=\"elementor-column elementor-col-100 elementor-top-column elementor-element elementor-element-346f613\" data-id=\"346f613\" data-element_type=\"column\">\n\t\t\t<div class=\"elementor-widget-wrap elementor-element-populated\">\n\t\t\t\t\t\t\t\t<div class=\"elementor-element elementor-element-b3f55e5 elementor-widget elementor-widget-heading\" data-id=\"b3f55e5\" data-element_type=\"widget\" data-widget_type=\"heading.default\">\n\t\t\t\t<div class=\"elementor-widget-container\">\n\t\t\t<h2 class=\"elementor-heading-title elementor-size-default\">Microsoft Office<\/h2>\t\t<\/div>\n\t\t\t\t<\/div>\n\t\t\t\t\t<\/div>\n\t\t<\/div>\n\t\t\t\t\t\t\t<\/div>\n\t\t<\/section>\n\t\t\t\t<section class=\"elementor-section elementor-top-section elementor-element elementor-element-019885d elementor-section-boxed elementor-section-height-default elementor-section-height-default\" data-id=\"019885d\" data-element_type=\"section\">\n\t\t\t\t\t\t<div class=\"elementor-container elementor-column-gap-default\">\n\t\t\t\t\t<div class=\"elementor-column elementor-col-50 elementor-top-column elementor-element elementor-element-636031d\" data-id=\"636031d\" data-element_type=\"column\">\n\t\t\t<div class=\"elementor-widget-wrap elementor-element-populated\">\n\t\t\t\t\t\t\t\t<div class=\"elementor-element elementor-element-b0343ec elementor-widget elementor-widget-text-editor\" data-id=\"b0343ec\" data-element_type=\"widget\" data-widget_type=\"text-editor.default\">\n\t\t\t\t<div class=\"elementor-widget-container\">\n\t\t\t\t\t\t\t<div class=\"content-card mt-0 mb-4 aem-GridColumn aem-GridColumn--default--12\" data-component-id=\"e4caa97101f9f7cf8317c819b353e6ed\"><section id=\"content-card-uid332c\" data-componentname=\"content-card-uid332c\"><div class=\"row row-cols-1 row-cols-md-3 \"><div class=\"col mb-4 mb-md-0\"><div class=\"card\"><div class=\"row\"><div class=\"col-2 col-md-3\"><p>Schutz f\u00fcr Daten und Ger\u00e4te<br \/>Mit Microsoft Defender verwalten Sie Ihre digitale Sicherheit auf einfache Weise und bleiben Online-Bedrohungen einen Schritt voraus.<\/p><p>Leistungsstarke Produktivit\u00e4ts-Apps<br \/>Nutzen Sie Word, Excel und PowerPoint, um in Echtzeit zusammenzuarbeiten oder offline zu arbeiten.<\/p><p>OneDrive mit erweiterter Sicherheit und Datensicherung<br \/>Speichern Sie Ihre Fotos und Dateien sicher auf OneDrive mit integrierter Ransomware-Erkennung und ger\u00e4te\u00fcbergreifendem Wiederherstellungsschutz.<\/p><p>Werbefreie E-Mails<br \/>Nutzen Sie Outlook f\u00fcr Ihre E-Mails, Kalender, Aufgabenlisten und Kontakte mit integrierten Sicherheitstools zum Schutz Ihrer Daten.<\/p><p>Ihr digitales Notizbuch<br \/>Schaffen Sie Ordnung mit OneNote, dem multifunktionalen digitalen Notizbuch f\u00fcr alle wichtigen Aufgaben<\/p><p>Videoeditor mit Premium-Effekten und -Filtern<br \/>Erstellen und schneiden Sie m\u00fchelos attraktive Videos mit vielf\u00e4ltigen Tools, intuitiven Bedienelementen, Vorlagen und einer umfangreichen Medienbibliothek von Clipchamp3.<\/p><\/div><\/div><\/div><\/div><\/div><\/section><\/div>\t\t\t\t\t\t<\/div>\n\t\t\t\t<\/div>\n\t\t\t\t\t<\/div>\n\t\t<\/div>\n\t\t\t\t<div class=\"elementor-column elementor-col-50 elementor-top-column elementor-element elementor-element-3956f0a\" data-id=\"3956f0a\" data-element_type=\"column\">\n\t\t\t<div class=\"elementor-widget-wrap elementor-element-populated\">\n\t\t\t\t\t\t\t\t<div class=\"elementor-element elementor-element-2b8d872 elementor-widget elementor-widget-image\" data-id=\"2b8d872\" data-element_type=\"widget\" data-widget_type=\"image.default\">\n\t\t\t\t<div class=\"elementor-widget-container\">\n\t\t\t\t\t\t\t\t\t\t\t\t\t\t\t<img loading=\"lazy\" decoding=\"async\" width=\"300\" height=\"300\" src=\"https:\/\/modest-curie.92-205-57-89.plesk.page\/wp-content\/uploads\/2023\/03\/Microsoft_Office_logo_2019\u2013present.svg-300x300.png\" class=\"attachment-medium size-medium wp-image-743\" alt=\"\" srcset=\"https:\/\/modest-curie.92-205-57-89.plesk.page\/wp-content\/uploads\/2023\/03\/Microsoft_Office_logo_2019\u2013present.svg-300x300.png 300w, https:\/\/modest-curie.92-205-57-89.plesk.page\/wp-content\/uploads\/2023\/03\/Microsoft_Office_logo_2019\u2013present.svg-1024x1024.png 1024w, https:\/\/modest-curie.92-205-57-89.plesk.page\/wp-content\/uploads\/2023\/03\/Microsoft_Office_logo_2019\u2013present.svg-150x150.png 150w, https:\/\/modest-curie.92-205-57-89.plesk.page\/wp-content\/uploads\/2023\/03\/Microsoft_Office_logo_2019\u2013present.svg-768x768.png 768w, https:\/\/modest-curie.92-205-57-89.plesk.page\/wp-content\/uploads\/2023\/03\/Microsoft_Office_logo_2019\u2013present.svg-1536x1536.png 1536w, https:\/\/modest-curie.92-205-57-89.plesk.page\/wp-content\/uploads\/2023\/03\/Microsoft_Office_logo_2019\u2013present.svg.png 2048w\" sizes=\"auto, (max-width: 300px) 100vw, 300px\" \/>\t\t\t\t\t\t\t\t\t\t\t\t\t\t\t<\/div>\n\t\t\t\t<\/div>\n\t\t\t\t\t<\/div>\n\t\t<\/div>\n\t\t\t\t\t\t\t<\/div>\n\t\t<\/section>\n\t\t\t\t\t\t\t<\/div>\n\t\t","protected":false},"excerpt":{"rendered":"<p>Software Windows 11 DArea 51 unterst\u00fctzt Sie beim Upgrade. Sie sind sich nicht sicher ob das Upgrade auf Ihrem System reibungslos funktionieren wird und haben Angst um Ihre Daten? Kein Problem: lassen Sie das Upgrade mit vorherigem Systemcheck durch unsere qualifizierten Techniker durchf\u00fchren und erhalten Sie ein System mit dem Sie gleich durchstarten k\u00f6nnen ohne [&hellip;]<\/p>\n","protected":false},"author":1,"featured_media":0,"parent":0,"menu_order":0,"comment_status":"closed","ping_status":"closed","template":"","meta":{"footnotes":""},"class_list":["post-728","page","type-page","status-publish","hentry"],"_links":{"self":[{"href":"https:\/\/modest-curie.92-205-57-89.plesk.page\/index.php\/wp-json\/wp\/v2\/pages\/728","targetHints":{"allow":["GET"]}}],"collection":[{"href":"https:\/\/modest-curie.92-205-57-89.plesk.page\/index.php\/wp-json\/wp\/v2\/pages"}],"about":[{"href":"https:\/\/modest-curie.92-205-57-89.plesk.page\/index.php\/wp-json\/wp\/v2\/types\/page"}],"author":[{"embeddable":true,"href":"https:\/\/modest-curie.92-205-57-89.plesk.page\/index.php\/wp-json\/wp\/v2\/users\/1"}],"replies":[{"embeddable":true,"href":"https:\/\/modest-curie.92-205-57-89.plesk.page\/index.php\/wp-json\/wp\/v2\/comments?post=728"}],"version-history":[{"count":22,"href":"https:\/\/modest-curie.92-205-57-89.plesk.page\/index.php\/wp-json\/wp\/v2\/pages\/728\/revisions"}],"predecessor-version":[{"id":815,"href":"https:\/\/modest-curie.92-205-57-89.plesk.page\/index.php\/wp-json\/wp\/v2\/pages\/728\/revisions\/815"}],"wp:attachment":[{"href":"https:\/\/modest-curie.92-205-57-89.plesk.page\/index.php\/wp-json\/wp\/v2\/media?parent=728"}],"curies":[{"name":"wp","href":"https:\/\/api.w.org\/{rel}","templated":true}]}}