{"id":7,"date":"2022-12-09T16:29:10","date_gmt":"2022-12-09T16:29:10","guid":{"rendered":"https:\/\/modest-curie.92-205-57-89.plesk.page\/?page_id=7"},"modified":"2023-12-23T09:21:16","modified_gmt":"2023-12-23T09:21:16","slug":"startseite-2","status":"publish","type":"page","link":"https:\/\/modest-curie.92-205-57-89.plesk.page\/","title":{"rendered":"Startseite"},"content":{"rendered":"<style>\/*! elementor - v3.9.0 - 06-12-2022 *\/\n.elementor-column .elementor-spacer-inner{height:var(--spacer-size)}.e-con{--container-widget-width:100%}.e-con-inner>.elementor-widget-spacer,.e-con>.elementor-widget-spacer{width:var(--container-widget-width,var(--spacer-size));--align-self:var(--container-widget-align-self,initial);--flex-shrink:0}.e-con-inner>.elementor-widget-spacer>.elementor-widget-container,.e-con-inner>.elementor-widget-spacer>.elementor-widget-container>.elementor-spacer,.e-con>.elementor-widget-spacer>.elementor-widget-container,.e-con>.elementor-widget-spacer>.elementor-widget-container>.elementor-spacer{height:100%}.e-con-inner>.elementor-widget-spacer>.elementor-widget-container>.elementor-spacer>.elementor-spacer-inner,.e-con>.elementor-widget-spacer>.elementor-widget-container>.elementor-spacer>.elementor-spacer-inner{height:var(--container-widget-height,var(--spacer-size))}<\/style>\n<link rel=\"stylesheet\" href=\"https:\/\/modest-curie.92-205-57-89.plesk.page\/wp-content\/plugins\/elementor-pro\/assets\/css\/widget-call-to-action.min.css\">\n<h2>Zukunftssichere IT f\u00fcr Ihr Unternehmen <\/h2>\n<p>\t\t\t\t\t\tLassen Sie sich jetzt Beraten<br \/>\n\t\t\t\t\t<a href=\"https:\/\/modest-curie.92-205-57-89.plesk.page\/index.php\/monitoring\/\"><br \/>\n\t\t\t\t\t\tWeitere Informationen\t\t\t\t\t<\/a><\/p>\n<style>\/*! elementor - v3.9.0 - 06-12-2022 *\/\n.elementor-widget-image-box .elementor-image-box-content{width:100%}@media (min-width:768px){.elementor-widget-image-box.elementor-position-left .elementor-image-box-wrapper,.elementor-widget-image-box.elementor-position-right .elementor-image-box-wrapper{display:flex}.elementor-widget-image-box.elementor-position-right .elementor-image-box-wrapper{text-align:right;flex-direction:row-reverse}.elementor-widget-image-box.elementor-position-left .elementor-image-box-wrapper{text-align:left;flex-direction:row}.elementor-widget-image-box.elementor-position-top .elementor-image-box-img{margin:auto}.elementor-widget-image-box.elementor-vertical-align-top .elementor-image-box-wrapper{align-items:flex-start}.elementor-widget-image-box.elementor-vertical-align-middle .elementor-image-box-wrapper{align-items:center}.elementor-widget-image-box.elementor-vertical-align-bottom .elementor-image-box-wrapper{align-items:flex-end}}@media (max-width:767px){.elementor-widget-image-box .elementor-image-box-img{margin-left:auto!important;margin-right:auto!important;margin-bottom:15px}}.elementor-widget-image-box .elementor-image-box-img{display:inline-block}.elementor-widget-image-box .elementor-image-box-title a{color:inherit}.elementor-widget-image-box .elementor-image-box-wrapper{text-align:center}.elementor-widget-image-box .elementor-image-box-description{margin:0}<\/style>\n<figure><a href=\"https:\/\/modest-curie.92-205-57-89.plesk.page\/index.php\/gaming-systeme\/\"><img decoding=\"async\" width=\"400\" height=\"400\" src=\"https:\/\/modest-curie.92-205-57-89.plesk.page\/wp-content\/uploads\/2023\/01\/cs-450-166_400.webp\" alt=\"\" loading=\"lazy\" \/><\/a><\/figure>\n<h3><a href=\"https:\/\/modest-curie.92-205-57-89.plesk.page\/index.php\/gaming-systeme\/\">Gaming Computer<\/a><\/h3>\n<p>Area 51 Gaming Machines<br \/>\nMaximale Leistung<br \/>\nExtrem hohe Stabilit\u00e4t<br \/>\nPerfekte Zusammenstellung<br \/>\n15 Jahre Erfahrung.<\/p>\n<figure><a href=\"https:\/\/modest-curie.92-205-57-89.plesk.page\/index.php\/buero-computer\/\"><img decoding=\"async\" width=\"1600\" height=\"1177\" src=\"https:\/\/modest-curie.92-205-57-89.plesk.page\/wp-content\/uploads\/2023\/01\/pngimg.com-computer_pc_PNG17489.png\" alt=\"\" loading=\"lazy\" \/><\/a><\/figure>\n<h3><a href=\"https:\/\/modest-curie.92-205-57-89.plesk.page\/index.php\/buero-computer\/\">B\u00fcro Systeme<\/a><\/h3>\n<p>Leise, schnell und gut<br \/>\nKompakt und stark<br \/>\nLeise und ergonomisch<br \/>\nStromsparend<br \/>\nErgonomisches Arbeiten<\/p>\n<figure><a href=\"https:\/\/modest-curie.92-205-57-89.plesk.page\/index.php\/server\/\"><img decoding=\"async\" width=\"900\" height=\"900\" src=\"https:\/\/modest-curie.92-205-57-89.plesk.page\/wp-content\/uploads\/2022\/12\/server_PNG43.png\" alt=\"\" loading=\"lazy\" \/><\/a><\/figure>\n<h3><a href=\"https:\/\/modest-curie.92-205-57-89.plesk.page\/index.php\/server\/\">Server &amp; NAS<\/a><\/h3>\n<p>Leise, schnell und gut<br \/>\nKompakt und stark<br \/>\nLeise und ergonomisch<br \/>\nStromsparend<br \/>\nErgonomisches Arbeiten<\/p>\n<figure><a href=\"https:\/\/modest-curie.92-205-57-89.plesk.page\/index.php\/software\/\"><img decoding=\"async\" width=\"148\" height=\"154\" src=\"https:\/\/modest-curie.92-205-57-89.plesk.page\/wp-content\/uploads\/2022\/12\/Windows_11.png\" alt=\"\" loading=\"lazy\" \/><\/a><\/figure>\n<h3><a href=\"https:\/\/modest-curie.92-205-57-89.plesk.page\/index.php\/software\/\">Software<\/a><\/h3>\n<p>\nF\u00fcr Ihren neuen Area 51 Computer haben wir die passende Software f\u00fcr alle erdenklichen Anwendungsgebiete parat.\n<\/p>\n<h3>Schaffen Sie R\u00fcckenwind f\u00fcr Ihr Gesch\u00e4ft<\/h3>\n<p>Sprechen Sie mit uns, um in Erfahrung zu bringen, wie unsere Technologiel\u00f6sungen Ihr Gesch\u00e4ft verbessern und Ihre Kunden entz\u00fccken k\u00f6nnen.<\/p>\n<p>\t\t\t<a href=\"https:\/\/modest-curie.92-205-57-89.plesk.page\/index.php\/monitoring\/\" role=\"button\"><br \/>\n\t\t\t\t\t\tSetzen Sie sich in verbindung<br \/>\n\t\t\t\t\t<\/a><\/p>\n<style>\/*! elementor - v3.9.0 - 06-12-2022 *\/\n.elementor-heading-title{padding:0;margin:0;line-height:1}.elementor-widget-heading .elementor-heading-title[class*=elementor-size-]>a{color:inherit;font-size:inherit;line-height:inherit}.elementor-widget-heading .elementor-heading-title.elementor-size-small{font-size:15px}.elementor-widget-heading .elementor-heading-title.elementor-size-medium{font-size:19px}.elementor-widget-heading .elementor-heading-title.elementor-size-large{font-size:29px}.elementor-widget-heading .elementor-heading-title.elementor-size-xl{font-size:39px}.elementor-widget-heading .elementor-heading-title.elementor-size-xxl{font-size:59px}<\/style>\n<h2>\u00dcber 10.000 zufriedene Kunden<\/h2>\n<p>Durch den konsequent kundenorientierten Service kann die<br \/>Area 51 Computer Handels GmbH bereits auf \u00fcber 10.000 zufriedene Kunden zur\u00fcckblicken.<\/p>\n<p>Die Zahl der Kunden basiert lediglich auf den registrierten Kunden. Kunden die nicht registriert sind, wurden nicht mitgez\u00e4hlt. Die &#8222;Dunkelziffer&#8220; unserer tats\u00e4chlicht zufriedenen Kunden vermag von daher um einiges h\u00f6her sein.<\/p>\n<p>Du m\u00f6chtest eine Ausbildung zum IT-Systemelektroniker machen? Bei Area 51 hast Du die M\u00f6glichkeit in einem starken und zukunftsorientiertem Team deine Ausbildung zu absolvieren<\/p>\n<style>\/*! elementor - v3.9.0 - 06-12-2022 *\/\n.elementor-widget-image{text-align:center}.elementor-widget-image a{display:inline-block}.elementor-widget-image a img[src$=\".svg\"]{width:48px}.elementor-widget-image img{vertical-align:middle;display:inline-block}<\/style>\n<p>\t\t\t\t\t\t\t\t\t\t\t\t<img decoding=\"async\" width=\"461\" height=\"300\" src=\"https:\/\/modest-curie.92-205-57-89.plesk.page\/wp-content\/uploads\/2022\/12\/unclesam.png\" alt=\"\" loading=\"lazy\" srcset=\"https:\/\/modest-curie.92-205-57-89.plesk.page\/wp-content\/uploads\/2022\/12\/unclesam.png 461w, https:\/\/modest-curie.92-205-57-89.plesk.page\/wp-content\/uploads\/2022\/12\/unclesam-300x195.png 300w\" sizes=\"auto, (max-width: 461px) 100vw, 461px\" \/><\/p>\n","protected":false},"excerpt":{"rendered":"<p>Zukunftssichere IT f\u00fcr Ihr Unternehmen Lassen Sie sich jetzt Beraten Weitere Informationen Gaming Computer Area 51 Gaming Machines Maximale Leistung Extrem hohe Stabilit\u00e4t Perfekte Zusammenstellung 15 Jahre Erfahrung. B\u00fcro Systeme Leise, schnell und gut Kompakt und stark Leise und ergonomisch Stromsparend Ergonomisches Arbeiten Server &amp; NAS Leise, schnell und gut Kompakt und stark Leise und [&hellip;]<\/p>\n","protected":false},"author":1,"featured_media":0,"parent":0,"menu_order":0,"comment_status":"closed","ping_status":"closed","template":"","meta":{"footnotes":""},"class_list":["post-7","page","type-page","status-publish","hentry"],"_links":{"self":[{"href":"https:\/\/modest-curie.92-205-57-89.plesk.page\/index.php\/wp-json\/wp\/v2\/pages\/7","targetHints":{"allow":["GET"]}}],"collection":[{"href":"https:\/\/modest-curie.92-205-57-89.plesk.page\/index.php\/wp-json\/wp\/v2\/pages"}],"about":[{"href":"https:\/\/modest-curie.92-205-57-89.plesk.page\/index.php\/wp-json\/wp\/v2\/types\/page"}],"author":[{"embeddable":true,"href":"https:\/\/modest-curie.92-205-57-89.plesk.page\/index.php\/wp-json\/wp\/v2\/users\/1"}],"replies":[{"embeddable":true,"href":"https:\/\/modest-curie.92-205-57-89.plesk.page\/index.php\/wp-json\/wp\/v2\/comments?post=7"}],"version-history":[{"count":124,"href":"https:\/\/modest-curie.92-205-57-89.plesk.page\/index.php\/wp-json\/wp\/v2\/pages\/7\/revisions"}],"predecessor-version":[{"id":818,"href":"https:\/\/modest-curie.92-205-57-89.plesk.page\/index.php\/wp-json\/wp\/v2\/pages\/7\/revisions\/818"}],"wp:attachment":[{"href":"https:\/\/modest-curie.92-205-57-89.plesk.page\/index.php\/wp-json\/wp\/v2\/media?parent=7"}],"curies":[{"name":"wp","href":"https:\/\/api.w.org\/{rel}","templated":true}]}}