{"id":35,"date":"2022-12-09T15:11:22","date_gmt":"2022-12-09T15:11:22","guid":{"rendered":"https:\/\/modest-curie.92-205-57-89.plesk.page\/?page_id=35"},"modified":"2023-03-18T13:28:24","modified_gmt":"2023-03-18T13:28:24","slug":"ueber-uns","status":"publish","type":"page","link":"https:\/\/modest-curie.92-205-57-89.plesk.page\/index.php\/ueber-uns\/","title":{"rendered":"\u00dcber uns"},"content":{"rendered":"\t\t<div data-elementor-type=\"wp-page\" data-elementor-id=\"35\" class=\"elementor elementor-35\">\n\t\t\t\t\t\t\t\t\t<section class=\"elementor-section elementor-top-section elementor-element elementor-element-91cba1b elementor-section-boxed elementor-section-height-default elementor-section-height-default\" data-id=\"91cba1b\" data-element_type=\"section\">\n\t\t\t\t\t\t<div class=\"elementor-container elementor-column-gap-default\">\n\t\t\t\t\t<div class=\"elementor-column elementor-col-50 elementor-top-column elementor-element elementor-element-a6b66e7\" data-id=\"a6b66e7\" data-element_type=\"column\">\n\t\t\t<div class=\"elementor-widget-wrap elementor-element-populated\">\n\t\t\t\t\t\t\t\t<div class=\"elementor-element elementor-element-7b71efb elementor-widget elementor-widget-image\" data-id=\"7b71efb\" data-element_type=\"widget\" data-widget_type=\"image.default\">\n\t\t\t\t<div class=\"elementor-widget-container\">\n\t\t\t<style>\/*! elementor - v3.9.0 - 06-12-2022 *\/\n.elementor-widget-image{text-align:center}.elementor-widget-image a{display:inline-block}.elementor-widget-image a img[src$=\".svg\"]{width:48px}.elementor-widget-image img{vertical-align:middle;display:inline-block}<\/style>\t\t\t\t\t\t\t\t\t\t\t\t<img loading=\"lazy\" decoding=\"async\" width=\"2560\" height=\"1920\" src=\"https:\/\/modest-curie.92-205-57-89.plesk.page\/wp-content\/uploads\/2022\/12\/P1030062-2-scaled.jpg\" class=\"attachment-full size-full wp-image-243\" alt=\"\" srcset=\"https:\/\/modest-curie.92-205-57-89.plesk.page\/wp-content\/uploads\/2022\/12\/P1030062-2-scaled.jpg 2560w, https:\/\/modest-curie.92-205-57-89.plesk.page\/wp-content\/uploads\/2022\/12\/P1030062-2-300x225.jpg 300w, https:\/\/modest-curie.92-205-57-89.plesk.page\/wp-content\/uploads\/2022\/12\/P1030062-2-1024x768.jpg 1024w, https:\/\/modest-curie.92-205-57-89.plesk.page\/wp-content\/uploads\/2022\/12\/P1030062-2-768x576.jpg 768w, https:\/\/modest-curie.92-205-57-89.plesk.page\/wp-content\/uploads\/2022\/12\/P1030062-2-1536x1152.jpg 1536w, https:\/\/modest-curie.92-205-57-89.plesk.page\/wp-content\/uploads\/2022\/12\/P1030062-2-2048x1536.jpg 2048w\" sizes=\"auto, (max-width: 2560px) 100vw, 2560px\" \/>\t\t\t\t\t\t\t\t\t\t\t\t\t\t\t<\/div>\n\t\t\t\t<\/div>\n\t\t\t\t\t<\/div>\n\t\t<\/div>\n\t\t\t\t<div class=\"elementor-column elementor-col-50 elementor-top-column elementor-element elementor-element-c5c1ef6\" data-id=\"c5c1ef6\" data-element_type=\"column\">\n\t\t\t<div class=\"elementor-widget-wrap elementor-element-populated\">\n\t\t\t\t\t\t\t\t<div class=\"elementor-element elementor-element-f1582c2 elementor-widget elementor-widget-text-editor\" data-id=\"f1582c2\" data-element_type=\"widget\" data-widget_type=\"text-editor.default\">\n\t\t\t\t<div class=\"elementor-widget-container\">\n\t\t\t<style>\/*! elementor - v3.9.0 - 06-12-2022 *\/\n.elementor-widget-text-editor.elementor-drop-cap-view-stacked .elementor-drop-cap{background-color:#818a91;color:#fff}.elementor-widget-text-editor.elementor-drop-cap-view-framed .elementor-drop-cap{color:#818a91;border:3px solid;background-color:transparent}.elementor-widget-text-editor:not(.elementor-drop-cap-view-default) .elementor-drop-cap{margin-top:8px}.elementor-widget-text-editor:not(.elementor-drop-cap-view-default) .elementor-drop-cap-letter{width:1em;height:1em}.elementor-widget-text-editor .elementor-drop-cap{float:left;text-align:center;line-height:1;font-size:50px}.elementor-widget-text-editor .elementor-drop-cap-letter{display:inline-block}<\/style>\t\t\t\t<h1 style=\"color: #252525; font-size: 17px;\">\u00dcber uns<\/h1><p style=\"color: #252525; font-size: 17px;\">Die Area 51 Computer Handels GmbH ist ein kundenorientiertes EDV- und Serviceunternehmen.<\/p><p style=\"color: #252525; font-size: 17px;\">Wir kennen den Markt rund um unsere Produkte am besten und k\u00f6nnen Ihnen deshalb eine ma\u00dfgeschneiderte L\u00f6sung f\u00fcr Ihre pers\u00f6nlichen Anforderungen anbieten.<\/p><p style=\"color: #252525; font-size: 17px;\"><i>Jeder unserer PCs wird einzeln f\u00fcr Sie nach Wunsch gefertigt.<br \/><\/i>Sie entscheiden \u00fcber Ausstattung und Konfiguration je nach Einsatzzweck und Budget und erhalten zudem immer die neuesten Technologien und keine angestaubten Rechner von der Stange.<\/p>\t\t\t\t\t\t<\/div>\n\t\t\t\t<\/div>\n\t\t\t\t\t<\/div>\n\t\t<\/div>\n\t\t\t\t\t\t\t<\/div>\n\t\t<\/section>\n\t\t\t\t<section class=\"elementor-section elementor-top-section elementor-element elementor-element-9a8bd44 elementor-section-boxed elementor-section-height-default elementor-section-height-default\" data-id=\"9a8bd44\" data-element_type=\"section\">\n\t\t\t\t\t\t<div class=\"elementor-container elementor-column-gap-default\">\n\t\t\t\t\t<div class=\"elementor-column elementor-col-100 elementor-top-column elementor-element elementor-element-a7b5c71\" data-id=\"a7b5c71\" data-element_type=\"column\">\n\t\t\t<div class=\"elementor-widget-wrap\">\n\t\t\t\t\t\t\t\t\t<\/div>\n\t\t<\/div>\n\t\t\t\t\t\t\t<\/div>\n\t\t<\/section>\n\t\t\t\t<section class=\"elementor-section elementor-top-section elementor-element elementor-element-2c68643 elementor-section-boxed elementor-section-height-default elementor-section-height-default\" data-id=\"2c68643\" data-element_type=\"section\">\n\t\t\t\t\t\t<div class=\"elementor-container elementor-column-gap-default\">\n\t\t\t\t\t<div class=\"elementor-column elementor-col-100 elementor-top-column elementor-element elementor-element-9278fee\" data-id=\"9278fee\" data-element_type=\"column\">\n\t\t\t<div class=\"elementor-widget-wrap elementor-element-populated\">\n\t\t\t\t\t\t\t\t<div class=\"elementor-element elementor-element-805c3d8 elementor-widget elementor-widget-text-editor\" data-id=\"805c3d8\" data-element_type=\"widget\" data-widget_type=\"text-editor.default\">\n\t\t\t\t<div class=\"elementor-widget-container\">\n\t\t\t\t\t\t\t<p>Die\u00a0<strong>Area 51\u00ae Computer Handels GmbH<\/strong>\u00a0wurde am 4. April 1997 in Herford von Micha K\u00f6llerwirth und Michael Schr\u00f6der gegr\u00fcndet.<br \/>Beide Unternehmer blickten bereits auf eine langj\u00e4hrige Kompetenz im IT-Bereich zur\u00fcck.<br \/>Was einst als partnerschaftliche Zusammenarbeit der Unternehmen\u00a0<em>Reality Computers<\/em>\u00a0und\u00a0<em>Advanced Technology Systems<\/em>\u00a0begann, wurde zu einem schlagkr\u00e4ftigen Unternehmen mit dem legend\u00e4ren Namen:<\/p><center><strong>Area 51\u00ae Computer Handels GmbH<\/strong><\/center><p>Seit Jahren steht die Marke\u00a0<strong><em>Area 51<\/em>\u00ae<\/strong>\u00a0f\u00fcr die Konstruktion von qualitativ hochwertigen und sehr leistungsstarken PC-Systemen<\/p>\t\t\t\t\t\t<\/div>\n\t\t\t\t<\/div>\n\t\t\t\t\t<\/div>\n\t\t<\/div>\n\t\t\t\t\t\t\t<\/div>\n\t\t<\/section>\n\t\t\t\t<section class=\"elementor-section elementor-top-section elementor-element elementor-element-558bbc5 elementor-section-boxed elementor-section-height-default elementor-section-height-default\" data-id=\"558bbc5\" data-element_type=\"section\">\n\t\t\t\t\t\t<div class=\"elementor-container elementor-column-gap-default\">\n\t\t\t\t\t<div class=\"elementor-column elementor-col-100 elementor-top-column elementor-element elementor-element-4b72af4\" data-id=\"4b72af4\" data-element_type=\"column\">\n\t\t\t<div class=\"elementor-widget-wrap elementor-element-populated\">\n\t\t\t\t\t\t\t\t<div class=\"elementor-element elementor-element-9dc2994 elementor-pagination-type-fraction elementor-testimonial--layout-image_stacked elementor-testimonial--skin-default elementor-testimonial--align-center elementor-arrows-yes elementor-widget elementor-widget-testimonial-carousel\" data-id=\"9dc2994\" data-element_type=\"widget\" data-settings=\"{&quot;slides_per_view&quot;:&quot;5&quot;,&quot;pagination&quot;:&quot;fraction&quot;,&quot;autoplay_speed&quot;:4000,&quot;space_between&quot;:{&quot;unit&quot;:&quot;px&quot;,&quot;size&quot;:0,&quot;sizes&quot;:[]},&quot;show_arrows&quot;:&quot;yes&quot;,&quot;speed&quot;:500,&quot;autoplay&quot;:&quot;yes&quot;,&quot;loop&quot;:&quot;yes&quot;,&quot;pause_on_hover&quot;:&quot;yes&quot;,&quot;pause_on_interaction&quot;:&quot;yes&quot;,&quot;space_between_tablet&quot;:{&quot;unit&quot;:&quot;px&quot;,&quot;size&quot;:10,&quot;sizes&quot;:[]},&quot;space_between_mobile&quot;:{&quot;unit&quot;:&quot;px&quot;,&quot;size&quot;:10,&quot;sizes&quot;:[]}}\" data-widget_type=\"testimonial-carousel.default\">\n\t\t\t\t<div class=\"elementor-widget-container\">\n\t\t\t<link rel=\"stylesheet\" href=\"https:\/\/modest-curie.92-205-57-89.plesk.page\/wp-content\/plugins\/elementor-pro\/assets\/css\/widget-carousel.min.css\">\t\t<div class=\"elementor-swiper\">\n\t\t\t<div class=\"elementor-main-swiper swiper-container\">\n\t\t\t\t<div class=\"swiper-wrapper\">\n\t\t\t\t\t\t\t\t\t\t\t<div class=\"swiper-slide\">\n\t\t\t\t\t\t\t\t\t<div class=\"elementor-testimonial\">\n\t\t\t\t\t\t<div class=\"elementor-testimonial__footer\">\n\t\t\t\t\t\t\t\t\t<div class=\"elementor-testimonial__image\">\n\t\t\t\t\t\t<img decoding=\"async\" src=\"https:\/\/modest-curie.92-205-57-89.plesk.page\/wp-content\/uploads\/2023\/01\/ufologo_blass.jpg\" alt=\"Micha K\u00f6llerwirth\">\n\t\t\t\t\t\t\t\t\t\t\t<\/div>\n\t\t\t\t\t\t\t\t<cite class=\"elementor-testimonial__cite\"><span class=\"elementor-testimonial__name\">Micha K\u00f6llerwirth<\/span><span class=\"elementor-testimonial__title\">Gesellschafter<\/span><\/cite>\t\t\t<\/div>\n\t\t<\/div>\n\t\t\t\t\t\t\t\t<\/div>\n\t\t\t\t\t\t\t\t\t\t\t<div class=\"swiper-slide\">\n\t\t\t\t\t\t\t\t\t<div class=\"elementor-testimonial\">\n\t\t\t\t\t\t<div class=\"elementor-testimonial__footer\">\n\t\t\t\t\t\t\t\t\t<div class=\"elementor-testimonial__image\">\n\t\t\t\t\t\t<img decoding=\"async\" src=\"https:\/\/modest-curie.92-205-57-89.plesk.page\/wp-content\/uploads\/2023\/01\/ufologo_blass.jpg\" alt=\"Christopher Dey\">\n\t\t\t\t\t\t\t\t\t\t\t<\/div>\n\t\t\t\t\t\t\t\t<cite class=\"elementor-testimonial__cite\"><span class=\"elementor-testimonial__name\">Christopher Dey<\/span><span class=\"elementor-testimonial__title\">Gesch\u00e4ftsleitung<\/span><\/cite>\t\t\t<\/div>\n\t\t<\/div>\n\t\t\t\t\t\t\t\t<\/div>\n\t\t\t\t\t\t\t\t\t\t\t<div class=\"swiper-slide\">\n\t\t\t\t\t\t\t\t\t<div class=\"elementor-testimonial\">\n\t\t\t\t\t\t<div class=\"elementor-testimonial__footer\">\n\t\t\t\t\t\t\t\t\t<div class=\"elementor-testimonial__image\">\n\t\t\t\t\t\t<img decoding=\"async\" src=\"https:\/\/modest-curie.92-205-57-89.plesk.page\/wp-content\/uploads\/2023\/01\/ufologo_blass.jpg\" alt=\"Micha Weigelt\">\n\t\t\t\t\t\t\t\t\t\t\t<\/div>\n\t\t\t\t\t\t\t\t<cite class=\"elementor-testimonial__cite\"><span class=\"elementor-testimonial__name\">Micha Weigelt<\/span><span class=\"elementor-testimonial__title\">Technik<\/span><\/cite>\t\t\t<\/div>\n\t\t<\/div>\n\t\t\t\t\t\t\t\t<\/div>\n\t\t\t\t\t\t\t\t\t\t\t<div class=\"swiper-slide\">\n\t\t\t\t\t\t\t\t\t<div class=\"elementor-testimonial\">\n\t\t\t\t\t\t<div class=\"elementor-testimonial__footer\">\n\t\t\t\t\t\t\t\t\t<div class=\"elementor-testimonial__image\">\n\t\t\t\t\t\t<img decoding=\"async\" src=\"https:\/\/modest-curie.92-205-57-89.plesk.page\/wp-content\/uploads\/2023\/01\/ufologo_blass.jpg\" alt=\"Alrik W\u00f6hrmann\">\n\t\t\t\t\t\t\t\t\t\t\t<\/div>\n\t\t\t\t\t\t\t\t<cite class=\"elementor-testimonial__cite\"><span class=\"elementor-testimonial__name\">Alrik W\u00f6hrmann<\/span><span class=\"elementor-testimonial__title\">Vertrieb \/ Webdesign<\/span><\/cite>\t\t\t<\/div>\n\t\t<\/div>\n\t\t\t\t\t\t\t\t<\/div>\n\t\t\t\t\t\t\t\t\t\t\t<div class=\"swiper-slide\">\n\t\t\t\t\t\t\t\t\t<div class=\"elementor-testimonial\">\n\t\t\t\t\t\t<div class=\"elementor-testimonial__footer\">\n\t\t\t\t\t\t\t\t\t<div class=\"elementor-testimonial__image\">\n\t\t\t\t\t\t<img decoding=\"async\" src=\"https:\/\/modest-curie.92-205-57-89.plesk.page\/wp-content\/uploads\/2023\/01\/ufologo_blass.jpg\" alt=\"Alex Friesen\">\n\t\t\t\t\t\t\t\t\t\t\t<\/div>\n\t\t\t\t\t\t\t\t<cite class=\"elementor-testimonial__cite\"><span class=\"elementor-testimonial__name\">Alex Friesen<\/span><span class=\"elementor-testimonial__title\">Technik \/ Au\u00dfendienst<\/span><\/cite>\t\t\t<\/div>\n\t\t<\/div>\n\t\t\t\t\t\t\t\t<\/div>\n\t\t\t\t\t\t\t\t\t\t\t<div class=\"swiper-slide\">\n\t\t\t\t\t\t\t\t\t<div class=\"elementor-testimonial\">\n\t\t\t\t\t\t<div class=\"elementor-testimonial__footer\">\n\t\t\t\t\t\t\t\t\t<div class=\"elementor-testimonial__image\">\n\t\t\t\t\t\t<img decoding=\"async\" src=\"https:\/\/modest-curie.92-205-57-89.plesk.page\/wp-content\/uploads\/2023\/01\/ufologo_blass.jpg\" alt=\"Michael Dechand\">\n\t\t\t\t\t\t\t\t\t\t\t<\/div>\n\t\t\t\t\t\t\t\t<cite class=\"elementor-testimonial__cite\"><span class=\"elementor-testimonial__name\">Michael Dechand<\/span><span class=\"elementor-testimonial__title\">Vertrieb<\/span><\/cite>\t\t\t<\/div>\n\t\t<\/div>\n\t\t\t\t\t\t\t\t<\/div>\n\t\t\t\t\t\t\t\t\t\t\t<div class=\"swiper-slide\">\n\t\t\t\t\t\t\t\t\t<div class=\"elementor-testimonial\">\n\t\t\t\t\t\t<div class=\"elementor-testimonial__footer\">\n\t\t\t\t\t\t\t\t\t<div class=\"elementor-testimonial__image\">\n\t\t\t\t\t\t<img decoding=\"async\" src=\"https:\/\/modest-curie.92-205-57-89.plesk.page\/wp-content\/uploads\/2023\/01\/ufologo_blass.jpg\" alt=\"Kasper Widomski\">\n\t\t\t\t\t\t\t\t\t\t\t<\/div>\n\t\t\t\t\t\t\t\t<cite class=\"elementor-testimonial__cite\"><span class=\"elementor-testimonial__name\">Kasper Widomski<\/span><span class=\"elementor-testimonial__title\">Technik<\/span><\/cite>\t\t\t<\/div>\n\t\t<\/div>\n\t\t\t\t\t\t\t\t<\/div>\n\t\t\t\t\t\t\t\t\t\t\t<div class=\"swiper-slide\">\n\t\t\t\t\t\t\t\t\t<div class=\"elementor-testimonial\">\n\t\t\t\t\t\t<div class=\"elementor-testimonial__footer\">\n\t\t\t\t\t\t\t\t\t<div class=\"elementor-testimonial__image\">\n\t\t\t\t\t\t<img decoding=\"async\" src=\"https:\/\/modest-curie.92-205-57-89.plesk.page\/wp-content\/uploads\/2023\/01\/ufologo_blass.jpg\" alt=\"Max Frank\">\n\t\t\t\t\t\t\t\t\t\t\t<\/div>\n\t\t\t\t\t\t\t\t<cite class=\"elementor-testimonial__cite\"><span class=\"elementor-testimonial__name\">Max Frank<\/span><span class=\"elementor-testimonial__title\">Technik<\/span><\/cite>\t\t\t<\/div>\n\t\t<\/div>\n\t\t\t\t\t\t\t\t<\/div>\n\t\t\t\t\t\t\t\t\t\t\t<div class=\"swiper-slide\">\n\t\t\t\t\t\t\t\t\t<div class=\"elementor-testimonial\">\n\t\t\t\t\t\t<div class=\"elementor-testimonial__footer\">\n\t\t\t\t\t\t\t\t\t<div class=\"elementor-testimonial__image\">\n\t\t\t\t\t\t<img decoding=\"async\" src=\"https:\/\/modest-curie.92-205-57-89.plesk.page\/wp-content\/uploads\/2023\/01\/ufologo_blass.jpg\" alt=\"Phillip H\u00fcner\">\n\t\t\t\t\t\t\t\t\t\t\t<\/div>\n\t\t\t\t\t\t\t\t<cite class=\"elementor-testimonial__cite\"><span class=\"elementor-testimonial__name\">Phillip H\u00fcner<\/span><span class=\"elementor-testimonial__title\">Technik<\/span><\/cite>\t\t\t<\/div>\n\t\t<\/div>\n\t\t\t\t\t\t\t\t<\/div>\n\t\t\t\t\t\t\t\t\t\t\t<div class=\"swiper-slide\">\n\t\t\t\t\t\t\t\t\t<div class=\"elementor-testimonial\">\n\t\t\t\t\t\t<div class=\"elementor-testimonial__footer\">\n\t\t\t\t\t\t\t\t\t<div class=\"elementor-testimonial__image\">\n\t\t\t\t\t\t<img decoding=\"async\" src=\"https:\/\/modest-curie.92-205-57-89.plesk.page\/wp-content\/uploads\/2023\/01\/ufologo_blass.jpg\" alt=\"Stefan Schiemann\">\n\t\t\t\t\t\t\t\t\t\t\t<\/div>\n\t\t\t\t\t\t\t\t<cite class=\"elementor-testimonial__cite\"><span class=\"elementor-testimonial__name\">Stefan Schiemann<\/span><span class=\"elementor-testimonial__title\">Monitoring<\/span><\/cite>\t\t\t<\/div>\n\t\t<\/div>\n\t\t\t\t\t\t\t\t<\/div>\n\t\t\t\t\t\t\t\t\t\t\t<div class=\"swiper-slide\">\n\t\t\t\t\t\t\t\t\t<div class=\"elementor-testimonial\">\n\t\t\t\t\t\t<div class=\"elementor-testimonial__footer\">\n\t\t\t\t\t\t\t\t\t<div class=\"elementor-testimonial__image\">\n\t\t\t\t\t\t<img decoding=\"async\" src=\"https:\/\/modest-curie.92-205-57-89.plesk.page\/wp-content\/uploads\/2023\/01\/ufologo_blass.jpg\" alt=\"Sascha K\u00e4tsch\">\n\t\t\t\t\t\t\t\t\t\t\t<\/div>\n\t\t\t\t\t\t\t\t<cite class=\"elementor-testimonial__cite\"><span class=\"elementor-testimonial__name\">Sascha K\u00e4tsch<\/span><span class=\"elementor-testimonial__title\">Au\u00dfendienst \/ Monitoring<\/span><\/cite>\t\t\t<\/div>\n\t\t<\/div>\n\t\t\t\t\t\t\t\t<\/div>\n\t\t\t\t\t\t\t\t\t<\/div>\n\t\t\t\t\t\t\t\t\t\t\t\t\t\t\t<div class=\"swiper-pagination\"><\/div>\n\t\t\t\t\t\t\t\t\t\t\t\t\t\t\t\t<div class=\"elementor-swiper-button elementor-swiper-button-prev\">\n\t\t\t\t\t\t\t<i aria-hidden=\"true\" class=\"eicon-chevron-left\"><\/i>\t\t\t\t\t\t\t<span class=\"elementor-screen-only\">Voriger<\/span>\n\t\t\t\t\t\t<\/div>\n\t\t\t\t\t\t<div class=\"elementor-swiper-button elementor-swiper-button-next\">\n\t\t\t\t\t\t\t<i aria-hidden=\"true\" class=\"eicon-chevron-right\"><\/i>\t\t\t\t\t\t\t<span class=\"elementor-screen-only\">N\u00e4chster<\/span>\n\t\t\t\t\t\t<\/div>\n\t\t\t\t\t\t\t\t\t\t\t\t<\/div>\n\t\t<\/div>\n\t\t\t\t<\/div>\n\t\t\t\t<\/div>\n\t\t\t\t\t<\/div>\n\t\t<\/div>\n\t\t\t\t\t\t\t<\/div>\n\t\t<\/section>\n\t\t\t\t\t\t\t<\/div>\n\t\t","protected":false},"excerpt":{"rendered":"<p>\u00dcber uns Die Area 51 Computer Handels GmbH ist ein kundenorientiertes EDV- und Serviceunternehmen. Wir kennen den Markt rund um unsere Produkte am besten und k\u00f6nnen Ihnen deshalb eine ma\u00dfgeschneiderte L\u00f6sung f\u00fcr Ihre pers\u00f6nlichen Anforderungen anbieten. Jeder unserer PCs wird einzeln f\u00fcr Sie nach Wunsch gefertigt.Sie entscheiden \u00fcber Ausstattung und Konfiguration je nach Einsatzzweck und [&hellip;]<\/p>\n","protected":false},"author":1,"featured_media":0,"parent":0,"menu_order":0,"comment_status":"closed","ping_status":"closed","template":"","meta":{"footnotes":""},"class_list":["post-35","page","type-page","status-publish","hentry"],"_links":{"self":[{"href":"https:\/\/modest-curie.92-205-57-89.plesk.page\/index.php\/wp-json\/wp\/v2\/pages\/35","targetHints":{"allow":["GET"]}}],"collection":[{"href":"https:\/\/modest-curie.92-205-57-89.plesk.page\/index.php\/wp-json\/wp\/v2\/pages"}],"about":[{"href":"https:\/\/modest-curie.92-205-57-89.plesk.page\/index.php\/wp-json\/wp\/v2\/types\/page"}],"author":[{"embeddable":true,"href":"https:\/\/modest-curie.92-205-57-89.plesk.page\/index.php\/wp-json\/wp\/v2\/users\/1"}],"replies":[{"embeddable":true,"href":"https:\/\/modest-curie.92-205-57-89.plesk.page\/index.php\/wp-json\/wp\/v2\/comments?post=35"}],"version-history":[{"count":76,"href":"https:\/\/modest-curie.92-205-57-89.plesk.page\/index.php\/wp-json\/wp\/v2\/pages\/35\/revisions"}],"predecessor-version":[{"id":787,"href":"https:\/\/modest-curie.92-205-57-89.plesk.page\/index.php\/wp-json\/wp\/v2\/pages\/35\/revisions\/787"}],"wp:attachment":[{"href":"https:\/\/modest-curie.92-205-57-89.plesk.page\/index.php\/wp-json\/wp\/v2\/media?parent=35"}],"curies":[{"name":"wp","href":"https:\/\/api.w.org\/{rel}","templated":true}]}}